{"id":10,"date":"2025-05-20T19:40:36","date_gmt":"2025-05-20T19:40:36","guid":{"rendered":"https:\/\/lsbusinessusa.com\/contact\/"},"modified":"2025-12-10T18:31:39","modified_gmt":"2025-12-10T18:31:39","slug":"contact","status":"publish","type":"page","link":"https:\/\/lsbusinessusa.com\/pt\/contact\/","title":{"rendered":"Contato"},"content":{"rendered":"<body>\n<div class=\"nfd-container nfd-p-0 wp-block-group alignfull has-white-color has-text-color has-background is-layout-constrained wp-container-core-group-is-layout-e555385e wp-block-group-is-layout-constrained\" style=\"background:linear-gradient(0deg,rgba(255,255,255,0) 16%,rgb(22,26,29) 16%)\">\n<div class=\"nfd-my-0 nfd-p-lg nfd-gap-xl wp-block-group alignwide is-vertical is-content-justification-center is-layout-flex wp-container-core-group-is-layout-ce155fab wp-block-group-is-layout-flex\">\n<h1 class=\"nfd-text-current nfd-text-giga wp-block-heading has-text-align-center\">Fale Conosco<\/h1>\n\n\n\n<div class=\"nfd-text-md nfd-text-opacity-80 wp-block-group is-layout-constrained wp-container-core-group-is-layout-ff55baa2 wp-block-group-is-layout-constrained\">\n<p class=\"has-text-align-center\">Por favor, preencha o formul\u00e1rio abaixo e entraremos em contato em breve. Ou, se preferir, inicie uma conversa agora mesmo pelo WhatsApp.<\/p>\n<\/div>\n\n\n\n<div class=\"wp-block-buttons is-layout-flex wp-block-buttons-is-layout-flex\">\n<div class=\"wp-block-button\"><a class=\"wp-block-button__link wp-element-button\" href=\"https:\/\/wa.me\/14133298485?text=Hi!%20I%20would%20like%20to%20know%20more%20about%20your%20services.%20\/%20Ol%C3%A1!%20Gostaria%20de%20saber%20mais%20sobre%20seus%20servi%C3%A7os.\" target=\"_blank\" rel=\"noreferrer noopener\">Inicie uma conversa no WhatsApp<\/a><\/div>\n<\/div>\n<\/div>\n\n\n\n<div class=\"wp-block-group has-border-color has-white-background-color has-background is-content-justification-left is-layout-flex wp-container-core-group-is-layout-751a8721 wp-block-group-is-layout-flex\" style=\"border-color:#00000017;border-width:1px;border-radius:19px;padding-top:4px;padding-right:4px;padding-bottom:4px;padding-left:4px\">\n<div class=\"nfd-p-md nfd-bg-gray-800 nfd-text-base md:nfd-basis-full nfd-bg-surface nfd-theme-darker is-style-nfd-theme-darker wp-block-group wp-container-content-01c117f0 is-vertical is-content-justification-left is-layout-flex wp-container-core-group-is-layout-95b9bda4 wp-block-group-is-layout-flex\" style=\"border-radius:16px\">\n<div class=\"wp-block-group is-layout-constrained wp-container-core-group-is-layout-6141fbbf wp-block-group-is-layout-constrained\">\n<div class=\"wp-block-group is-layout-constrained wp-block-group-is-layout-constrained\">\n<h2 class=\"wp-block-heading nfd-text-current nfd-text-lg\">Vamos nos conectar.<\/h2>\n\n\n\n<p class=\"nfd-text-opacity-80\">Oferecemos servi\u00e7os de consultoria presencial em:<\/p>\n<\/div>\n\n\n\n<div class=\"wp-block-group is-layout-constrained wp-container-core-group-is-layout-334a2726 wp-block-group-is-layout-constrained\">\n<p class=\"\"><strong>Massachusetts<\/strong><\/p>\n\n\n\n<p class=\"\"><strong>Connecticut<\/strong><\/p>\n\n\n\n<p class=\"\"><strong>New York<\/strong><\/p>\n\n\n\n<p class=\"\"><strong>Rhode Island<\/strong><\/p>\n\n\n\n<p class=\"nfd-text-opacity-80 nfd-text-sm\">Clientes em outros estados americanos e no <strong>Brasil<\/strong> pode receber suporte completo online com o mesmo n\u00edvel de aten\u00e7\u00e3o e excel\u00eancia.<\/p>\n\n\n\n<p class=\"nfd-text-opacity-80 nfd-text-sm\">Fique \u00e0 vontade para entrar em contato \u2014 estamos prontos para ajudar voc\u00ea, onde quer que esteja.<\/p>\n<\/div>\n\n\n\n<div class=\"wp-block-group is-layout-constrained wp-container-core-group-is-layout-334a2726 wp-block-group-is-layout-constrained\">\n<p class=\"\">Fone: +1(413)329-8485<\/p>\n\n\n\n<p class=\"\">WhatsApp: Clique <a href=\"https:\/\/wa.me\/14133298485\" target=\"_blank\" rel=\"noreferrer noopener\">Aqui<\/a> para iniciar uma conversa<br>E-mail: contact@lsbusinessusa.com<\/p>\n<\/div>\n<\/div>\n\n\n\n<ul class=\"is-style-default wp-block-social-links alignleft has-normal-icon-size has-icon-color has-icon-background-color is-content-justification-space-between is-layout-flex wp-container-core-social-links-is-layout-b2891da8 wp-block-social-links-is-layout-flex\"><li style=\"color:#ffffff;background-color:#000000;\" class=\"wp-social-link wp-social-link-instagram has-white-color has-black-background-color wp-block-social-link\"><a href=\"https:\/\/instagram.com\/luciano_pittsfield\" class=\"wp-block-social-link-anchor\"><svg width=\"24\" height=\"24\" viewbox=\"0 0 24 24\" version=\"1.1\" xmlns=\"http:\/\/www.w3.org\/2000\/svg\" aria-hidden=\"true\" focusable=\"false\"><path d=\"M12,4.622c2.403,0,2.688,0.009,3.637,0.052c0.877,0.04,1.354,0.187,1.671,0.31c0.42,0.163,0.72,0.358,1.035,0.673 c0.315,0.315,0.51,0.615,0.673,1.035c0.123,0.317,0.27,0.794,0.31,1.671c0.043,0.949,0.052,1.234,0.052,3.637 s-0.009,2.688-0.052,3.637c-0.04,0.877-0.187,1.354-0.31,1.671c-0.163,0.42-0.358,0.72-0.673,1.035 c-0.315,0.315-0.615,0.51-1.035,0.673c-0.317,0.123-0.794,0.27-1.671,0.31c-0.949,0.043-1.233,0.052-3.637,0.052 s-2.688-0.009-3.637-0.052c-0.877-0.04-1.354-0.187-1.671-0.31c-0.42-0.163-0.72-0.358-1.035-0.673 c-0.315-0.315-0.51-0.615-0.673-1.035c-0.123-0.317-0.27-0.794-0.31-1.671C4.631,14.688,4.622,14.403,4.622,12 s0.009-2.688,0.052-3.637c0.04-0.877,0.187-1.354,0.31-1.671c0.163-0.42,0.358-0.72,0.673-1.035 c0.315-0.315,0.615-0.51,1.035-0.673c0.317-0.123,0.794-0.27,1.671-0.31C9.312,4.631,9.597,4.622,12,4.622 M12,3 C9.556,3,9.249,3.01,8.289,3.054C7.331,3.098,6.677,3.25,6.105,3.472C5.513,3.702,5.011,4.01,4.511,4.511 c-0.5,0.5-0.808,1.002-1.038,1.594C3.25,6.677,3.098,7.331,3.054,8.289C3.01,9.249,3,9.556,3,12c0,2.444,0.01,2.751,0.054,3.711 c0.044,0.958,0.196,1.612,0.418,2.185c0.23,0.592,0.538,1.094,1.038,1.594c0.5,0.5,1.002,0.808,1.594,1.038 c0.572,0.222,1.227,0.375,2.185,0.418C9.249,20.99,9.556,21,12,21s2.751-0.01,3.711-0.054c0.958-0.044,1.612-0.196,2.185-0.418 c0.592-0.23,1.094-0.538,1.594-1.038c0.5-0.5,0.808-1.002,1.038-1.594c0.222-0.572,0.375-1.227,0.418-2.185 C20.99,14.751,21,14.444,21,12s-0.01-2.751-0.054-3.711c-0.044-0.958-0.196-1.612-0.418-2.185c-0.23-0.592-0.538-1.094-1.038-1.594 c-0.5-0.5-1.002-0.808-1.594-1.038c-0.572-0.222-1.227-0.375-2.185-0.418C14.751,3.01,14.444,3,12,3L12,3z M12,7.378 c-2.552,0-4.622,2.069-4.622,4.622S9.448,16.622,12,16.622s4.622-2.069,4.622-4.622S14.552,7.378,12,7.378z M12,15 c-1.657,0-3-1.343-3-3s1.343-3,3-3s3,1.343,3,3S13.657,15,12,15z M16.804,6.116c-0.596,0-1.08,0.484-1.08,1.08 s0.484,1.08,1.08,1.08c0.596,0,1.08-0.484,1.08-1.08S17.401,6.116,16.804,6.116z\"><\/path><\/svg><span class=\"wp-block-social-link-label screen-reader-text\">Instagram<\/span><\/a><\/li>\n\n<li style=\"color:#ffffff;background-color:#000000;\" class=\"wp-social-link wp-social-link-linkedin has-white-color has-black-background-color wp-block-social-link\"><a href=\"https:\/\/www.linkedin.com\/in\/lucianosouza-lsbusinessmanagement\/\" class=\"wp-block-social-link-anchor\"><svg width=\"24\" height=\"24\" viewbox=\"0 0 24 24\" version=\"1.1\" xmlns=\"http:\/\/www.w3.org\/2000\/svg\" aria-hidden=\"true\" focusable=\"false\"><path d=\"M19.7,3H4.3C3.582,3,3,3.582,3,4.3v15.4C3,20.418,3.582,21,4.3,21h15.4c0.718,0,1.3-0.582,1.3-1.3V4.3 C21,3.582,20.418,3,19.7,3z M8.339,18.338H5.667v-8.59h2.672V18.338z M7.004,8.574c-0.857,0-1.549-0.694-1.549-1.548 c0-0.855,0.691-1.548,1.549-1.548c0.854,0,1.547,0.694,1.547,1.548C8.551,7.881,7.858,8.574,7.004,8.574z M18.339,18.338h-2.669 v-4.177c0-0.996-0.017-2.278-1.387-2.278c-1.389,0-1.601,1.086-1.601,2.206v4.249h-2.667v-8.59h2.559v1.174h0.037 c0.356-0.675,1.227-1.387,2.526-1.387c2.703,0,3.203,1.779,3.203,4.092V18.338z\"><\/path><\/svg><span class=\"wp-block-social-link-label screen-reader-text\">LinkedIn<\/span><\/a><\/li><\/ul>\n<\/div>\n\n\n\n<div class=\"nfd-p-md md:nfd-basis-full nfd-bg-surface nfd-theme-white is-style-nfd-theme-white wp-block-group wp-container-content-6d18316b is-layout-constrained wp-container-core-group-is-layout-70f4fdbb wp-block-group-is-layout-constrained\" style=\"border-top-left-radius:0px;border-top-right-radius:16px;border-bottom-left-radius:0px;border-bottom-right-radius:16px\"><div class=\"wpforms-container wpforms-container-full wpforms-block wpforms-block-0589163a-4abd-439e-bd5d-b07a80d40e28 lsbotao wpforms-render-modern\" id=\"wpforms-61\"><form id=\"wpforms-form-61\" class=\"wpforms-validate wpforms-form wpforms-ajax-form\" data-formid=\"61\" method=\"post\" enctype=\"multipart\/form-data\" action=\"\/pt\/wp-json\/wp\/v2\/pages\/10\" data-token=\"7b3d67449061c38e8e6b54b34fb5fab0\" data-token-time=\"1776966882\" data-trp-original-action=\"\/pt\/wp-json\/wp\/v2\/pages\/10\"><noscript class=\"wpforms-error-noscript\">Ative o JavaScript no seu navegador para preencher este formul\u00e1rio.<\/noscript><div id=\"wpforms-error-noscript\" style=\"display: none;\">Ative o JavaScript no seu navegador para preencher este formul\u00e1rio.<\/div><div class=\"wpforms-field-container\"><div id=\"wpforms-61-field_1-container\" class=\"wpforms-field wpforms-field-name\" data-field-id=\"1\"><fieldset><legend class=\"wpforms-field-label\">Name <span class=\"wpforms-required-label\" aria-hidden=\"true\">*<\/span><\/legend><div class=\"wpforms-field-row wpforms-field-medium\"><div class=\"wpforms-field-row-block wpforms-first wpforms-one-half\"><input type=\"text\" id=\"wpforms-61-field_1\" class=\"wpforms-field-name-first wpforms-field-required\" name=\"wpforms[fields][1][first]\" aria-errormessage=\"wpforms-61-field_1-error\" required><label for=\"wpforms-61-field_1\" class=\"wpforms-field-sublabel after\">Nome<\/label><\/div><div class=\"wpforms-field-row-block wpforms-one-half\"><input type=\"text\" id=\"wpforms-61-field_1-last\" class=\"wpforms-field-name-last wpforms-field-required\" name=\"wpforms[fields][1][last]\" aria-errormessage=\"wpforms-61-field_1-last-error\" required><label for=\"wpforms-61-field_1-last\" class=\"wpforms-field-sublabel after\">Sobrenome<\/label><\/div><\/div><\/fieldset><\/div>\t\t<div id=\"wpforms-61-field_4-container\" class=\"wpforms-field wpforms-field-text\" data-field-type=\"text\" data-field-id=\"4\">\n\t\t\t<label class=\"wpforms-field-label\" for=\"wpforms-61-field_4\">Comment or Name<\/label>\n\t\t\t<input type=\"text\" id=\"wpforms-61-field_4\" class=\"wpforms-field-medium\" name=\"wpforms[fields][4]\">\n\t\t<\/div>\n\t\t<div id=\"wpforms-61-field_2-container\" class=\"wpforms-field wpforms-field-email\" data-field-id=\"2\"><label class=\"wpforms-field-label\" for=\"wpforms-61-field_2\">Email <span class=\"wpforms-required-label\" aria-hidden=\"true\">*<\/span><\/label><input type=\"email\" id=\"wpforms-61-field_2\" class=\"wpforms-field-medium wpforms-field-required\" name=\"wpforms[fields][2]\" spellcheck=\"false\" aria-errormessage=\"wpforms-61-field_2-error\" required><\/div><div id=\"wpforms-61-field_3-container\" class=\"wpforms-field wpforms-field-textarea\" data-field-id=\"3\"><label class=\"wpforms-field-label\" for=\"wpforms-61-field_3\">Comment or Message<\/label><textarea id=\"wpforms-61-field_3\" class=\"wpforms-field-medium\" name=\"wpforms[fields][3]\" aria-errormessage=\"wpforms-61-field_3-error\"><\/textarea><\/div><script>\n\t\t\t\t( function() {\n\t\t\t\t\tconst style = document.createElement( 'style' );\n\t\t\t\t\tstyle.appendChild( document.createTextNode( '#wpforms-61-field_4-container { position: absolute !important; overflow: hidden !important; display: inline !important; height: 1px !important; width: 1px !important; z-index: -1000 !important; padding: 0 !important; } #wpforms-61-field_4-container input { visibility: hidden; } #wpforms-conversational-form-page #wpforms-61-field_4-container label { counter-increment: none; }' ) );\n\t\t\t\t\tdocument.head.appendChild( style );\n\t\t\t\t\tdocument.currentScript?.remove();\n\t\t\t\t} )();\n\t\t\t<\/script><\/div><!-- .wpforms-field-container --><div class=\"wpforms-submit-container\"><input type=\"hidden\" name=\"wpforms[id]\" value=\"61\"><input type=\"hidden\" name=\"page_title\" value=\"\"><input type=\"hidden\" name=\"page_url\" value=\"https:\/\/lsbusinessusa.com\/pt\/wp-json\/wp\/v2\/pages\/10\"><input type=\"hidden\" name=\"url_referer\" value=\"\"><button type=\"submit\" name=\"wpforms[submit]\" id=\"wpforms-submit-61\" class=\"wpforms-submit btn-gold\" data-alt-text=\"Sending...\" data-submit-text=\"Send Message\" aria-live=\"assertive\" value=\"wpforms-submit\">Enviar Mensagem<\/button><img decoding=\"async\" src=\"https:\/\/lsbusinessusa.com\/wp-content\/plugins\/wpforms-lite\/assets\/images\/submit-spin.svg\" class=\"wpforms-submit-spinner\" style=\"display: none;\" width=\"26\" height=\"26\" alt=\"Carregando\" loading=\"lazy\"><\/div><input type=\"hidden\" name=\"trp-form-language\" value=\"pt\"\/><\/form><\/div>  <!-- .wpforms-container --><\/div>\n<\/div>\n<\/div>\n\n\n\n<div class=\"nfd-container nfd-p-md is-style-nfd-theme-white wp-block-group is-layout-constrained wp-block-group-is-layout-constrained\">\n<div class=\"nfd-text-pretty nfd-max-w-prose nfd-text-lg wp-block-group is-vertical is-content-justification-stretch is-layout-flex wp-container-core-group-is-layout-353c4f5a wp-block-group-is-layout-flex\">\n<p class=\"has-text-align-left\" style=\"font-style:normal;font-weight:400\">Luciano foi a pe\u00e7a-chave na estrutura\u00e7\u00e3o da Chiquinho Sorvetes como franquia. Seu dom\u00ednio completo das opera\u00e7\u00f5es, aliado \u00e0 vis\u00e3o estrat\u00e9gica e lideran\u00e7a, possibilitou a cria\u00e7\u00e3o de uma rede s\u00f3lida, bem documentada e pronta para escalar. Sem sua dedica\u00e7\u00e3o, esse sucesso n\u00e3o seria poss\u00edvel.<\/p>\n\n\n\n<div class=\"nfd-text-base wp-block-group is-content-justification-space-between is-layout-flex wp-container-core-group-is-layout-9366075c wp-block-group-is-layout-flex\">\n<div class=\"nfd-gap-sm nfd-text-base wp-block-group is-nowrap is-layout-flex wp-container-core-group-is-layout-6c531013 wp-block-group-is-layout-flex\">\n<figure class=\"is-style-rounded is-resized wp-block-image size-full\"><img decoding=\"async\" src=\"https:\/\/lsbusinessusa.com\/wp-content\/uploads\/2025\/05\/Captura-de-Tela-2025-05-23-as-7.04.19%E2%80%AFPM.png\" alt=\"\" class=\"wp-image-81\" style=\"aspect-ratio:1;object-fit:cover;width:40px\" loading=\"lazy\"><\/figure>\n\n\n\n<p class=\"\"><strong>Dr. Marcelo Poli, advogado especialista em franchising<\/strong><\/p>\n<\/div>\n\n\n\n<p class=\"nfd-text-md has-text-color\" style=\"color:#fab906;letter-spacing:2px\">\u2605 \u2605 \u2605 \u2605 \u2605<\/p>\n<\/div>\n<\/div>\n<\/div>\n\n\n\n<p class=\"\"><\/p>\n<\/body>","protected":false},"excerpt":{"rendered":"<p>Contact Us Fill out the form below and we\u2019ll get back to you shortly. Or if you prefer, start a conversation now via WhatsApp. Let\u2019s Connect. We provide in-person consulting services in: Massachusetts Connecticut New York Rhode Island Clients in other U.S. states and Brazil can receive full support online with the same level of [&hellip;]<\/p>","protected":false},"author":1,"featured_media":0,"parent":0,"menu_order":0,"comment_status":"closed","ping_status":"closed","template":"","meta":{"nf_dc_page":"","om_disable_all_campaigns":false,"footnotes":""},"class_list":["post-10","page","type-page","status-publish","hentry"],"yoast_head":"<!-- This site is optimized with the Yoast SEO plugin v27.2 - https:\/\/yoast.com\/product\/yoast-seo-wordpress\/ -->\n<title>Contact - lsbusinessusa.com<\/title>\n<meta name=\"robots\" content=\"index, follow, max-snippet:-1, max-image-preview:large, max-video-preview:-1\" \/>\n<link rel=\"canonical\" href=\"https:\/\/lsbusinessusa.com\/pt\/contact\/\" \/>\n<meta property=\"og:locale\" content=\"pt_BR\" \/>\n<meta property=\"og:type\" content=\"article\" \/>\n<meta property=\"og:title\" content=\"Contact - lsbusinessusa.com\" \/>\n<meta property=\"og:description\" content=\"Contact Us Fill out the form below and we\u2019ll get back to you shortly. Or if you prefer, start a conversation now via WhatsApp. Let\u2019s Connect. We provide in-person consulting services in: Massachusetts Connecticut New York Rhode Island Clients in other U.S. states and Brazil can receive full support online with the same level of [&hellip;]\" \/>\n<meta property=\"og:url\" content=\"https:\/\/lsbusinessusa.com\/pt\/contact\/\" \/>\n<meta property=\"og:site_name\" content=\"lsbusinessusa.com\" \/>\n<meta property=\"article:modified_time\" content=\"2025-12-10T18:31:39+00:00\" \/>\n<meta name=\"twitter:card\" content=\"summary_large_image\" \/>\n<meta name=\"twitter:label1\" content=\"Est. tempo de leitura\" \/>\n\t<meta name=\"twitter:data1\" content=\"1 minuto\" \/>\n<script type=\"application\/ld+json\" class=\"yoast-schema-graph\">{\"@context\":\"https:\/\/schema.org\",\"@graph\":[{\"@type\":\"WebPage\",\"@id\":\"https:\/\/lsbusinessusa.com\/contact\/\",\"url\":\"https:\/\/lsbusinessusa.com\/contact\/\",\"name\":\"Contact - lsbusinessusa.com\",\"isPartOf\":{\"@id\":\"https:\/\/lsbusinessusa.com\/#website\"},\"datePublished\":\"2025-05-20T19:40:36+00:00\",\"dateModified\":\"2025-12-10T18:31:39+00:00\",\"breadcrumb\":{\"@id\":\"https:\/\/lsbusinessusa.com\/contact\/#breadcrumb\"},\"inLanguage\":\"pt-BR\",\"potentialAction\":[{\"@type\":\"ReadAction\",\"target\":[\"https:\/\/lsbusinessusa.com\/contact\/\"]}]},{\"@type\":\"BreadcrumbList\",\"@id\":\"https:\/\/lsbusinessusa.com\/contact\/#breadcrumb\",\"itemListElement\":[{\"@type\":\"ListItem\",\"position\":1,\"name\":\"Home\",\"item\":\"https:\/\/lsbusinessusa.com\/\"},{\"@type\":\"ListItem\",\"position\":2,\"name\":\"Contact\"}]},{\"@type\":\"WebSite\",\"@id\":\"https:\/\/lsbusinessusa.com\/#website\",\"url\":\"https:\/\/lsbusinessusa.com\/\",\"name\":\"lsbusinessusa.com\",\"description\":\"\",\"publisher\":{\"@id\":\"https:\/\/lsbusinessusa.com\/#organization\"},\"potentialAction\":[{\"@type\":\"SearchAction\",\"target\":{\"@type\":\"EntryPoint\",\"urlTemplate\":\"https:\/\/lsbusinessusa.com\/?s={search_term_string}\"},\"query-input\":{\"@type\":\"PropertyValueSpecification\",\"valueRequired\":true,\"valueName\":\"search_term_string\"}}],\"inLanguage\":\"pt-BR\"},{\"@type\":\"Organization\",\"@id\":\"https:\/\/lsbusinessusa.com\/#organization\",\"name\":\"lsbusinessusa.com\",\"url\":\"https:\/\/lsbusinessusa.com\/\",\"logo\":{\"@type\":\"ImageObject\",\"inLanguage\":\"pt-BR\",\"@id\":\"https:\/\/lsbusinessusa.com\/#\/schema\/logo\/image\/\",\"url\":\"https:\/\/lsbusinessusa.com\/wp-content\/uploads\/2025\/05\/Logo-LS-Atual.webp\",\"contentUrl\":\"https:\/\/lsbusinessusa.com\/wp-content\/uploads\/2025\/05\/Logo-LS-Atual.webp\",\"width\":1080,\"height\":1080,\"caption\":\"lsbusinessusa.com\"},\"image\":{\"@id\":\"https:\/\/lsbusinessusa.com\/#\/schema\/logo\/image\/\"}}]}<\/script>\n<!-- \/ Yoast SEO plugin. -->","yoast_head_json":{"title":"Contact - lsbusinessusa.com","robots":{"index":"index","follow":"follow","max-snippet":"max-snippet:-1","max-image-preview":"max-image-preview:large","max-video-preview":"max-video-preview:-1"},"canonical":"https:\/\/lsbusinessusa.com\/pt\/contact\/","og_locale":"pt_BR","og_type":"article","og_title":"Contact - lsbusinessusa.com","og_description":"Contact Us Fill out the form below and we\u2019ll get back to you shortly. Or if you prefer, start a conversation now via WhatsApp. Let\u2019s Connect. We provide in-person consulting services in: Massachusetts Connecticut New York Rhode Island Clients in other U.S. states and Brazil can receive full support online with the same level of [&hellip;]","og_url":"https:\/\/lsbusinessusa.com\/pt\/contact\/","og_site_name":"lsbusinessusa.com","article_modified_time":"2025-12-10T18:31:39+00:00","twitter_card":"summary_large_image","twitter_misc":{"Est. tempo de leitura":"1 minuto"},"schema":{"@context":"https:\/\/schema.org","@graph":[{"@type":"WebPage","@id":"https:\/\/lsbusinessusa.com\/contact\/","url":"https:\/\/lsbusinessusa.com\/contact\/","name":"Contact - lsbusinessusa.com","isPartOf":{"@id":"https:\/\/lsbusinessusa.com\/#website"},"datePublished":"2025-05-20T19:40:36+00:00","dateModified":"2025-12-10T18:31:39+00:00","breadcrumb":{"@id":"https:\/\/lsbusinessusa.com\/contact\/#breadcrumb"},"inLanguage":"pt-BR","potentialAction":[{"@type":"ReadAction","target":["https:\/\/lsbusinessusa.com\/contact\/"]}]},{"@type":"BreadcrumbList","@id":"https:\/\/lsbusinessusa.com\/contact\/#breadcrumb","itemListElement":[{"@type":"ListItem","position":1,"name":"Home","item":"https:\/\/lsbusinessusa.com\/"},{"@type":"ListItem","position":2,"name":"Contact"}]},{"@type":"WebSite","@id":"https:\/\/lsbusinessusa.com\/#website","url":"https:\/\/lsbusinessusa.com\/","name":"lsbusinessusa.com","description":"","publisher":{"@id":"https:\/\/lsbusinessusa.com\/#organization"},"potentialAction":[{"@type":"SearchAction","target":{"@type":"EntryPoint","urlTemplate":"https:\/\/lsbusinessusa.com\/?s={search_term_string}"},"query-input":{"@type":"PropertyValueSpecification","valueRequired":true,"valueName":"search_term_string"}}],"inLanguage":"pt-BR"},{"@type":"Organization","@id":"https:\/\/lsbusinessusa.com\/#organization","name":"lsbusinessusa.com","url":"https:\/\/lsbusinessusa.com\/","logo":{"@type":"ImageObject","inLanguage":"pt-BR","@id":"https:\/\/lsbusinessusa.com\/#\/schema\/logo\/image\/","url":"https:\/\/lsbusinessusa.com\/wp-content\/uploads\/2025\/05\/Logo-LS-Atual.webp","contentUrl":"https:\/\/lsbusinessusa.com\/wp-content\/uploads\/2025\/05\/Logo-LS-Atual.webp","width":1080,"height":1080,"caption":"lsbusinessusa.com"},"image":{"@id":"https:\/\/lsbusinessusa.com\/#\/schema\/logo\/image\/"}}]}},"_links":{"self":[{"href":"https:\/\/lsbusinessusa.com\/pt\/wp-json\/wp\/v2\/pages\/10","targetHints":{"allow":["GET"]}}],"collection":[{"href":"https:\/\/lsbusinessusa.com\/pt\/wp-json\/wp\/v2\/pages"}],"about":[{"href":"https:\/\/lsbusinessusa.com\/pt\/wp-json\/wp\/v2\/types\/page"}],"author":[{"embeddable":true,"href":"https:\/\/lsbusinessusa.com\/pt\/wp-json\/wp\/v2\/users\/1"}],"replies":[{"embeddable":true,"href":"https:\/\/lsbusinessusa.com\/pt\/wp-json\/wp\/v2\/comments?post=10"}],"version-history":[{"count":5,"href":"https:\/\/lsbusinessusa.com\/pt\/wp-json\/wp\/v2\/pages\/10\/revisions"}],"predecessor-version":[{"id":208,"href":"https:\/\/lsbusinessusa.com\/pt\/wp-json\/wp\/v2\/pages\/10\/revisions\/208"}],"wp:attachment":[{"href":"https:\/\/lsbusinessusa.com\/pt\/wp-json\/wp\/v2\/media?parent=10"}],"curies":[{"name":"wp","href":"https:\/\/api.w.org\/{rel}","templated":true}]}}