{"id":11,"date":"2025-05-20T19:40:37","date_gmt":"2025-05-20T19:40:37","guid":{"rendered":"https:\/\/lsbusinessusa.com\/testimonials\/"},"modified":"2025-05-28T20:03:00","modified_gmt":"2025-05-28T20:03:00","slug":"testimonials","status":"publish","type":"page","link":"https:\/\/lsbusinessusa.com\/pt\/testimonials\/","title":{"rendered":"Depoimentos"},"content":{"rendered":"<body>\n<div class=\"nfd-container nfd-p-lg is-style-nfd-theme-dark wp-block-group nfd-bg-effect-grid-2 is-layout-constrained wp-block-group-is-layout-constrained\">\n<div class=\"nfd-gap-xl wp-block-group is-vertical is-content-justification-center is-layout-flex wp-container-core-group-is-layout-ce155fab wp-block-group-is-layout-flex\">\n<h2 class=\"nfd-text-contrast nfd-text-giga nfd-text-balance wp-block-heading has-text-align-center nfd-wb-animate nfd-wb-fade-in-bottom-short\" style=\"font-style:normal;font-weight:500\">A confian\u00e7a dos nossos clientes \u00e9 o nosso maior patrim\u00f4nio.<\/h2>\n\n\n\n<p class=\"nfd-text-md nfd-text-balance nfd-text-faded has-text-align-center nfd-wb-animate nfd-wb-fade-in-bottom-short nfd-delay-150\">Aqui est\u00e3o algumas hist\u00f3rias reais de empreendedores brasileiros que encontraram clareza, estrutura e resultados ao lado da LS Business Management. Sua satisfa\u00e7\u00e3o \u00e9 a prova de que estamos no caminho certo.<\/p>\n<\/div>\n<\/div>\n\n\n\n<div class=\"nfd-container nfd-p-0 nfd-my-0 wp-block-group has-background is-layout-constrained wp-block-group-is-layout-constrained\" style=\"background:linear-gradient(180deg,rgb(29,29,34) 50%,rgba(255,255,255,0) 50%)\">\n<div class=\"wp-block-group nfd-wb-animate nfd-wb-zoom-in-short nfd-delay-300 is-content-justification-center is-nowrap is-layout-flex wp-container-core-group-is-layout-9bb0b17a wp-block-group-is-layout-flex\">\n<div class=\"nfd-shadow-xs nfd-rounded-lg nfd-p-card-md nfd-bg-surface nfd-theme-white is-style-nfd-theme-white wp-block-group is-vertical is-content-justification-center is-layout-flex wp-container-core-group-is-layout-ce155fab wp-block-group-is-layout-flex\" style=\"border-width:1px\">\n<div class=\"nfd-gap-0 wp-block-group is-vertical is-content-justification-center is-layout-flex wp-container-core-group-is-layout-ce155fab wp-block-group-is-layout-flex\">\n<p class=\"nfd-text-md has-text-color\" style=\"color:#fab906;letter-spacing:2px\">\u2605\u2605\u2605\u2605\u2605<\/p>\n\n\n\n<p class=\"nfd-text-sm nfd-text-surface-foreground has-text-align-center\"><strong>5.0 stars from 15+ reviews<\/strong><\/p>\n<\/div>\n\n\n\n<div class=\"nfd-overlap-x nfd-border-bg wp-block-group is-nowrap is-layout-flex wp-container-core-group-is-layout-6c531013 wp-block-group-is-layout-flex\">\n<figure class=\"is-style-rounded wp-block-image size-large is-resized has-custom-border\"><img decoding=\"async\" src=\"https:\/\/images.unsplash.com\/photo-1479936343636-73cdc5aae0c3?w=120&amp;fit=crop&amp;w=120&amp;h=120&amp;crop=faces\" alt=\"\" style=\"border-width:2px;aspect-ratio:1;object-fit:cover;width:50px\" loading=\"lazy\"><\/figure>\n\n\n\n<figure class=\"is-style-rounded wp-block-image size-large is-resized has-custom-border\"><img decoding=\"async\" src=\"https:\/\/images.unsplash.com\/photo-1568151556839-55901d6b43bf?w=120&amp;fit=crop&amp;w=120&amp;h=120&amp;crop=faces\" alt=\"\" style=\"border-width:2px;aspect-ratio:1;object-fit:cover;width:50px\" loading=\"lazy\"><\/figure>\n\n\n\n<figure class=\"is-style-rounded wp-block-image size-large is-resized has-custom-border\"><img decoding=\"async\" src=\"https:\/\/images.unsplash.com\/photo-1573878222998-40b24a653ac8?w=120&amp;fit=crop&amp;w=120&amp;h=120&amp;crop=faces\" alt=\"\" style=\"border-width:2px;aspect-ratio:1;object-fit:cover;width:50px\" loading=\"lazy\"><\/figure>\n\n\n\n<figure class=\"is-style-rounded wp-block-image size-large is-resized has-custom-border\"><img decoding=\"async\" src=\"https:\/\/images.unsplash.com\/photo-1618568949779-895d81686151?w=120&amp;fit=crop&amp;w=120&amp;h=120&amp;crop=faces\" alt=\"\" style=\"border-width:2px;aspect-ratio:1;object-fit:cover;width:50px\" loading=\"lazy\"><\/figure>\n<\/div>\n<\/div>\n<\/div>\n<\/div>\n\n\n\n<div class=\"nfd-container nfd-p-lg is-style-nfd-theme-white wp-block-group is-layout-constrained wp-block-group-is-layout-constrained\">\n<div class=\"wp-block-columns is-layout-flex wp-container-core-columns-is-layout-28f84493 wp-block-columns-is-layout-flex\">\n<div class=\"wp-block-column is-vertically-aligned-stretch nfd-wb-animate nfd-wb-fade-in-left-short nfd-delay-300 is-layout-flow wp-block-column-is-layout-flow\">\n<div class=\"nfd-theme-light nfd-bg-surface nfd-rounded nfd-text-balance nfd-p-card-md nfd-gap-md is-style-nfd-theme-light wp-block-group is-vertical is-layout-flex wp-container-core-group-is-layout-fe9cc265 wp-block-group-is-layout-flex\">\n<p class=\"nfd-text-balance\"><strong>Excelente<\/strong><\/p>\n\n\n\n<div class=\"nfd-pl-offset-md nfd-text-balance nfd-text-base wp-block-group is-layout-constrained wp-block-group-is-layout-constrained\" style=\"border-left-width:3px\">\n<p class=\"\">Trabalhar com o Luciano \u00e9 ter a certeza de que as ideias saem do papel com excel\u00eancia. Sua capacidade de planejar, organizar e executar com aten\u00e7\u00e3o aos detalhes \u00e9 impressionante. No que dependia dele, tudo foi entregue no prazo, com clareza, responsabilidade e padr\u00e3o profissional elevado. A LS Business Management \u00e9 um verdadeiro diferencial estrat\u00e9gico. Resultado, efici\u00eancia e seriedade definem esse trabalho.<\/p>\n<\/div>\n\n\n\n<div class=\"nfd-gap-xs wp-block-group is-vertical is-layout-flex wp-container-core-group-is-layout-fe9cc265 wp-block-group-is-layout-flex\">\n<p class=\"nfd-text-md has-text-color\" style=\"color:#fab906;letter-spacing:2px\">\u2605\u2605\u2605\u2605\u2605<\/p>\n\n\n\n<p class=\"nfd-text-base has-text-align-left\">Emerson Serandin<\/p>\n<\/div>\n<\/div>\n<\/div>\n\n\n\n<div class=\"wp-block-column is-vertically-aligned-stretch nfd-wb-animate nfd-wb-zoom-in-short nfd-delay-450 is-layout-flow wp-block-column-is-layout-flow\">\n<div class=\"nfd-theme-light nfd-bg-surface nfd-rounded nfd-text-balance nfd-p-card-md nfd-gap-md is-style-nfd-theme-light wp-block-group is-vertical is-layout-flex wp-container-core-group-is-layout-fe9cc265 wp-block-group-is-layout-flex\">\n<p class=\"nfd-text-balance\"><strong>Altamente Recomendado<\/strong><\/p>\n\n\n\n<div class=\"nfd-pl-offset-md nfd-text-balance nfd-text-base wp-block-group is-layout-constrained wp-block-group-is-layout-constrained\" style=\"border-left-width:3px\">\n<p class=\"\">Conhe\u00e7o o Luciano h\u00e1 muitos anos e acompanhei de perto a seriedade com que ele construiu a LS Business Management. O que mais me impressiona \u00e9 a clareza com que ele enxerga as dificuldades dos imigrantes e a forma pr\u00e1tica e \u00e9tica com que oferece solu\u00e7\u00f5es. Ele n\u00e3o entrega apenas consultoria \u2014 entrega dire\u00e7\u00e3o, seguran\u00e7a e prop\u00f3sito. Ajudar brasileiros a crescer com estrutura nos EUA \u00e9 uma miss\u00e3o, e ele a cumpre com excel\u00eancia. Recomendo de olhos fechados!<\/p>\n<\/div>\n\n\n\n<div class=\"nfd-gap-xs wp-block-group is-vertical is-layout-flex wp-container-core-group-is-layout-fe9cc265 wp-block-group-is-layout-flex\">\n<p class=\"nfd-text-md has-text-color\" style=\"color:#fab906;letter-spacing:2px\">\u2605\u2605\u2605\u2605\u2605<\/p>\n\n\n\n<p class=\"nfd-text-base has-text-align-left\">Ezequiel Amos<\/p>\n<\/div>\n<\/div>\n<\/div>\n\n\n\n<div class=\"wp-block-column is-vertically-aligned-stretch nfd-wb-animate nfd-wb-fade-in-right-short nfd-delay-600 is-layout-flow wp-block-column-is-layout-flow\">\n<div class=\"nfd-theme-light nfd-bg-surface nfd-rounded nfd-text-balance nfd-p-card-md nfd-gap-md is-style-nfd-theme-light wp-block-group is-vertical is-layout-flex wp-container-core-group-is-layout-fe9cc265 wp-block-group-is-layout-flex\">\n<p class=\"nfd-text-balance\"><strong>Conectando Pessoas e Inova\u00e7\u00e3o com Prop\u00f3sito<\/strong><\/p>\n\n\n\n<div class=\"nfd-pl-offset-md nfd-text-balance nfd-text-base wp-block-group is-layout-constrained wp-block-group-is-layout-constrained\" style=\"border-left-width:3px\">\n<p class=\"\">Luciano tem uma habilidade rara de unir empatia e inova\u00e7\u00e3o. Ele sabe escutar com aten\u00e7\u00e3o, compreender a realidade do cliente e traduzir tudo isso em solu\u00e7\u00f5es pr\u00e1ticas com o uso de novas tecnologias. Sua forma de lidar com pessoas \u00e9 humana, respeitosa e inspiradora \u2014 e ao mesmo tempo, ele domina ferramentas modernas que geram resultados reais. Um profissional completo, que transforma a jornada de quem empreende.<\/p>\n<\/div>\n\n\n\n<div class=\"nfd-gap-xs wp-block-group is-vertical is-layout-flex wp-container-core-group-is-layout-fe9cc265 wp-block-group-is-layout-flex\">\n<p class=\"nfd-text-md has-text-color\" style=\"color:#fab906;letter-spacing:2px\">\u2605\u2605\u2605\u2605\u2605<\/p>\n\n\n\n<p class=\"nfd-text-base has-text-align-left\">Fabio de Barros<\/p>\n<\/div>\n<\/div>\n<\/div>\n<\/div>\n<\/div>\n\n\n\n<div class=\"nfd-container nfd-p-lg nfd-bg-gray-800 is-style-nfd-theme-dark wp-block-group nfd-divider-zigzag is-layout-constrained wp-block-group-is-layout-constrained\" style=\"border-top-left-radius:8px;border-top-right-radius:8px;border-bottom-left-radius:0px;border-bottom-right-radius:0px\">\n<div class=\"nfd-text-pretty nfd-max-w-prose nfd-text-lg wp-block-group is-vertical is-content-justification-stretch is-layout-flex wp-container-core-group-is-layout-353c4f5a wp-block-group-is-layout-flex\">\n<p class=\"has-text-align-left nfd-wb-animate nfd-wb-fade-in-bottom-short\" style=\"font-style:normal;font-weight:400\">O trabalho do Luciano foi essencial para que consegu\u00edssemos dar um passo seguro na expans\u00e3o da nossa marca. Contamos com sua expertise no desenvolvimento estrat\u00e9gico da nova unidade da Dell Anno em Denver, Colorado, e tamb\u00e9m na organiza\u00e7\u00e3o dos processos da loja de Boston, com destaque para a manualiza\u00e7\u00e3o de departamentos-chave. Sua vis\u00e3o pr\u00e1tica e comprometida nos deu clareza e confian\u00e7a em cada etapa. Um verdadeiro parceiro de neg\u00f3cios para quem quer crescer com estrutura.<\/p>\n\n\n\n<div class=\"nfd-text-base wp-block-group nfd-wb-animate nfd-wb-fade-in-bottom-short nfd-delay-150 is-content-justification-space-between is-layout-flex wp-container-core-group-is-layout-9366075c wp-block-group-is-layout-flex\">\n<div class=\"nfd-gap-sm nfd-text-base wp-block-group is-nowrap is-layout-flex wp-container-core-group-is-layout-6c531013 wp-block-group-is-layout-flex\">\n<figure class=\"is-style-rounded is-resized wp-block-image size-full\"><img decoding=\"async\" src=\"https:\/\/lsbusinessusa.com\/wp-content\/uploads\/2025\/05\/Captura-de-Tela-2025-05-28-as-3.29.25%E2%80%AFPM.png\" alt=\"\" class=\"wp-image-153\" style=\"aspect-ratio:1;object-fit:cover;width:40px\" loading=\"lazy\"><\/figure>\n\n\n\n<p class=\"\">Filipe Mota<\/p>\n\n\n\n<p class=\"nfd-text-faded\">\/<\/p>\n\n\n\n<p class=\"nfd-text-faded nfd-text-sm\">DellAnno <\/p>\n<\/div>\n\n\n\n<p class=\"nfd-text-md has-text-color\" style=\"color:#fab906;letter-spacing:2px\">\u2605\u2605\u2605\u2605\u2605<\/p>\n<\/div>\n<\/div>\n<\/div>\n\n\n\n<div class=\"nfd-container nfd-p-lg is-style-nfd-theme-white wp-block-group nfd-wb-animate nfd-wb-fade-in-bottom is-layout-constrained wp-block-group-is-layout-constrained\">\n<div class=\"wp-block-columns is-layout-flex wp-container-core-columns-is-layout-28f84493 wp-block-columns-is-layout-flex\">\n<div class=\"wp-block-column is-layout-flow wp-block-column-is-layout-flow\">\n<div class=\"nfd-theme-light nfd-bg-surface nfd-rounded nfd-text-balance nfd-p-card-md nfd-gap-md is-style-nfd-theme-light wp-block-group is-vertical is-layout-flex wp-container-core-group-is-layout-fe9cc265 wp-block-group-is-layout-flex\">\n<p class=\"nfd-text-balance\"><strong>Atendimento Impec\u00e1vel<\/strong><\/p>\n\n\n\n<div class=\"nfd-pl-offset-md nfd-text-balance nfd-text-base wp-block-group is-layout-constrained wp-block-group-is-layout-constrained\">\n<p class=\"\">Atendimento r\u00e1pido, direto e com solu\u00e7\u00f5es claras.<\/p>\n<\/div>\n\n\n\n<div class=\"nfd-gap-xs wp-block-group is-vertical is-layout-flex wp-container-core-group-is-layout-fe9cc265 wp-block-group-is-layout-flex\">\n<p class=\"nfd-text-md has-text-color\" style=\"color:#fab906;letter-spacing:2px\">\u2605\u2605\u2605\u2605\u2605<\/p>\n\n\n\n<p class=\"nfd-text-base has-text-align-left\">Marcos Coimbra<\/p>\n<\/div>\n<\/div>\n\n\n\n<div class=\"nfd-theme-light nfd-bg-surface nfd-rounded nfd-text-balance nfd-p-card-md nfd-gap-md is-style-nfd-theme-light wp-block-group is-vertical is-layout-flex wp-container-core-group-is-layout-fe9cc265 wp-block-group-is-layout-flex\">\n<p class=\"nfd-text-balance\"><strong>Profissionalismo Total<\/strong><\/p>\n\n\n\n<div class=\"nfd-pl-offset-md nfd-text-balance nfd-text-base wp-block-group is-layout-constrained wp-block-group-is-layout-constrained\">\n<p class=\"\">Luciano transmite confian\u00e7a desde o primeiro contato. Excelente trabalho!<\/p>\n<\/div>\n\n\n\n<div class=\"nfd-gap-xs wp-block-group is-vertical is-layout-flex wp-container-core-group-is-layout-fe9cc265 wp-block-group-is-layout-flex\">\n<p class=\"nfd-text-md has-text-color\" style=\"color:#fab906;letter-spacing:2px\">\u2605\u2605\u2605\u2605\u2605<\/p>\n\n\n\n<p class=\"nfd-text-base has-text-align-left\">Ionice Bennett<\/p>\n<\/div>\n<\/div>\n\n\n\n<div class=\"nfd-theme-light nfd-bg-surface nfd-rounded nfd-text-balance nfd-p-card-md nfd-gap-md is-style-nfd-theme-light wp-block-group is-vertical is-layout-flex wp-container-core-group-is-layout-fe9cc265 wp-block-group-is-layout-flex\">\n<p class=\"nfd-text-balance\"><strong>Did\u00e1tica Excepcional<\/strong><\/p>\n\n\n\n<div class=\"nfd-pl-offset-md nfd-text-balance nfd-text-base wp-block-group is-layout-constrained wp-block-group-is-layout-constrained\">\n<p class=\"\">Tudo muito bem explicado, com exemplos pr\u00e1ticos. Ajudou muito.<\/p>\n<\/div>\n\n\n\n<div class=\"nfd-gap-xs wp-block-group is-vertical is-layout-flex wp-container-core-group-is-layout-fe9cc265 wp-block-group-is-layout-flex\">\n<p class=\"nfd-text-md has-text-color\" style=\"color:#fab906;letter-spacing:2px\">\u2605\u2605\u2605\u2605\u2605<\/p>\n\n\n\n<p class=\"nfd-text-base has-text-align-left\">Vinicius Rocha<\/p>\n<\/div>\n<\/div>\n<\/div>\n\n\n\n<div class=\"wp-block-column is-layout-flow wp-block-column-is-layout-flow\">\n<div class=\"nfd-theme-light nfd-bg-surface nfd-rounded nfd-text-balance nfd-p-card-md nfd-gap-md is-style-nfd-theme-light wp-block-group is-vertical is-layout-flex wp-container-core-group-is-layout-fe9cc265 wp-block-group-is-layout-flex\">\n<p class=\"nfd-text-balance\"><strong>Clareza e Seguran\u00e7a<\/strong><\/p>\n\n\n\n<div class=\"nfd-pl-offset-md nfd-text-balance nfd-text-base wp-block-group is-layout-constrained wp-block-group-is-layout-constrained\">\n<p class=\"\">Consegui entender o que preciso fazer para meu neg\u00f3cio crescer nos EUA.<\/p>\n<\/div>\n\n\n\n<div class=\"nfd-gap-xs wp-block-group is-vertical is-layout-flex wp-container-core-group-is-layout-fe9cc265 wp-block-group-is-layout-flex\">\n<p class=\"nfd-text-md has-text-color\" style=\"color:#fab906;letter-spacing:2px\">\u2605\u2605\u2605\u2605\u2605<\/p>\n\n\n\n<p class=\"nfd-text-base has-text-align-left\">Felipe Marins<\/p>\n<\/div>\n<\/div>\n\n\n\n<div class=\"nfd-theme-light nfd-bg-surface nfd-rounded nfd-text-balance nfd-p-card-md nfd-gap-md is-style-nfd-theme-light wp-block-group is-vertical is-layout-flex wp-container-core-group-is-layout-fe9cc265 wp-block-group-is-layout-flex\">\n<p class=\"nfd-text-balance\"><strong>Transforma\u00e7\u00e3o Real<\/strong><\/p>\n\n\n\n<div class=\"nfd-pl-offset-md nfd-text-balance nfd-text-base wp-block-group is-layout-constrained wp-block-group-is-layout-constrained\">\n<p class=\"\">Meu neg\u00f3cio mudou depois da consultoria. Recomendo fortemente.<\/p>\n<\/div>\n\n\n\n<div class=\"nfd-gap-xs wp-block-group is-vertical is-layout-flex wp-container-core-group-is-layout-fe9cc265 wp-block-group-is-layout-flex\">\n<p class=\"nfd-text-md has-text-color\" style=\"color:#fab906;letter-spacing:2px\">\u2605\u2605\u2605\u2605\u2605<\/p>\n\n\n\n<p class=\"nfd-text-base has-text-align-left\">Aline Machado<\/p>\n<\/div>\n<\/div>\n\n\n\n<div class=\"nfd-theme-light nfd-bg-surface nfd-rounded nfd-text-balance nfd-p-card-md nfd-gap-md is-style-nfd-theme-light wp-block-group is-vertical is-layout-flex wp-container-core-group-is-layout-fe9cc265 wp-block-group-is-layout-flex\">\n<p class=\"nfd-text-balance\"><strong>Pronto pra Crescer<\/strong><\/p>\n\n\n\n<div class=\"nfd-pl-offset-md nfd-text-balance nfd-text-base wp-block-group is-layout-constrained wp-block-group-is-layout-constrained\">\n<p class=\"\">Finalmente encontrei algu\u00e9m que entende as dores do imigrante empreendedor.<\/p>\n<\/div>\n\n\n\n<div class=\"nfd-gap-xs wp-block-group is-vertical is-layout-flex wp-container-core-group-is-layout-fe9cc265 wp-block-group-is-layout-flex\">\n<p class=\"nfd-text-md has-text-color\" style=\"color:#fab906;letter-spacing:2px\">\u2605\u2605\u2605\u2605\u2605<\/p>\n\n\n\n<p class=\"nfd-text-base has-text-align-left\">Samuel Duarte<\/p>\n<\/div>\n<\/div>\n<\/div>\n<\/div>\n<\/div>\n\n\n\n<p class=\"\"><\/p>\n<\/body>","protected":false},"excerpt":{"rendered":"<p>Our clients\u2019 trust is our greatest asset. Here you\u2019ll find real stories from Brazilian entrepreneurs who found clarity, structure, and results with LS Business Management. Their satisfaction is proof we\u2019re on the right path. \u2605\u2605\u2605\u2605\u2605 5.0 stars from 15+ reviews Excellent Working with Luciano means knowing that ideas are executed with excellence. His ability to [&hellip;]<\/p>","protected":false},"author":1,"featured_media":0,"parent":0,"menu_order":0,"comment_status":"closed","ping_status":"closed","template":"","meta":{"nf_dc_page":"","om_disable_all_campaigns":false,"footnotes":""},"class_list":["post-11","page","type-page","status-publish","hentry"],"yoast_head":"<!-- This site is optimized with the Yoast SEO plugin v27.2 - https:\/\/yoast.com\/product\/yoast-seo-wordpress\/ -->\n<title>Testimonials - lsbusinessusa.com<\/title>\n<meta name=\"robots\" content=\"index, follow, max-snippet:-1, max-image-preview:large, max-video-preview:-1\" \/>\n<link rel=\"canonical\" href=\"https:\/\/lsbusinessusa.com\/pt\/testimonials\/\" \/>\n<meta property=\"og:locale\" content=\"pt_BR\" \/>\n<meta property=\"og:type\" content=\"article\" \/>\n<meta property=\"og:title\" content=\"Testimonials - lsbusinessusa.com\" \/>\n<meta property=\"og:description\" content=\"Our clients\u2019 trust is our greatest asset. Here you\u2019ll find real stories from Brazilian entrepreneurs who found clarity, structure, and results with LS Business Management. Their satisfaction is proof we\u2019re on the right path. \u2605\u2605\u2605\u2605\u2605 5.0 stars from 15+ reviews Excellent Working with Luciano means knowing that ideas are executed with excellence. His ability to [&hellip;]\" \/>\n<meta property=\"og:url\" content=\"https:\/\/lsbusinessusa.com\/pt\/testimonials\/\" \/>\n<meta property=\"og:site_name\" content=\"lsbusinessusa.com\" \/>\n<meta property=\"article:modified_time\" content=\"2025-05-28T20:03:00+00:00\" \/>\n<meta property=\"og:image\" content=\"https:\/\/images.unsplash.com\/photo-1479936343636-73cdc5aae0c3?w=120&amp;fit=crop&amp;w=120&amp;h=120&amp;crop=faces\" \/>\n<meta name=\"twitter:card\" content=\"summary_large_image\" \/>\n<meta name=\"twitter:label1\" content=\"Est. tempo de leitura\" \/>\n\t<meta name=\"twitter:data1\" content=\"3 minutos\" \/>\n<script type=\"application\/ld+json\" class=\"yoast-schema-graph\">{\"@context\":\"https:\/\/schema.org\",\"@graph\":[{\"@type\":\"WebPage\",\"@id\":\"https:\/\/lsbusinessusa.com\/testimonials\/\",\"url\":\"https:\/\/lsbusinessusa.com\/testimonials\/\",\"name\":\"Testimonials - lsbusinessusa.com\",\"isPartOf\":{\"@id\":\"https:\/\/lsbusinessusa.com\/#website\"},\"primaryImageOfPage\":{\"@id\":\"https:\/\/lsbusinessusa.com\/testimonials\/#primaryimage\"},\"image\":{\"@id\":\"https:\/\/lsbusinessusa.com\/testimonials\/#primaryimage\"},\"thumbnailUrl\":\"https:\/\/images.unsplash.com\/photo-1479936343636-73cdc5aae0c3?w=120&amp;fit=crop&amp;w=120&amp;h=120&amp;crop=faces\",\"datePublished\":\"2025-05-20T19:40:37+00:00\",\"dateModified\":\"2025-05-28T20:03:00+00:00\",\"breadcrumb\":{\"@id\":\"https:\/\/lsbusinessusa.com\/testimonials\/#breadcrumb\"},\"inLanguage\":\"pt-BR\",\"potentialAction\":[{\"@type\":\"ReadAction\",\"target\":[\"https:\/\/lsbusinessusa.com\/testimonials\/\"]}]},{\"@type\":\"ImageObject\",\"inLanguage\":\"pt-BR\",\"@id\":\"https:\/\/lsbusinessusa.com\/testimonials\/#primaryimage\",\"url\":\"https:\/\/images.unsplash.com\/photo-1479936343636-73cdc5aae0c3?w=120&amp;fit=crop&amp;w=120&amp;h=120&amp;crop=faces\",\"contentUrl\":\"https:\/\/images.unsplash.com\/photo-1479936343636-73cdc5aae0c3?w=120&amp;fit=crop&amp;w=120&amp;h=120&amp;crop=faces\"},{\"@type\":\"BreadcrumbList\",\"@id\":\"https:\/\/lsbusinessusa.com\/testimonials\/#breadcrumb\",\"itemListElement\":[{\"@type\":\"ListItem\",\"position\":1,\"name\":\"Home\",\"item\":\"https:\/\/lsbusinessusa.com\/\"},{\"@type\":\"ListItem\",\"position\":2,\"name\":\"Testimonials\"}]},{\"@type\":\"WebSite\",\"@id\":\"https:\/\/lsbusinessusa.com\/#website\",\"url\":\"https:\/\/lsbusinessusa.com\/\",\"name\":\"lsbusinessusa.com\",\"description\":\"\",\"publisher\":{\"@id\":\"https:\/\/lsbusinessusa.com\/#organization\"},\"potentialAction\":[{\"@type\":\"SearchAction\",\"target\":{\"@type\":\"EntryPoint\",\"urlTemplate\":\"https:\/\/lsbusinessusa.com\/?s={search_term_string}\"},\"query-input\":{\"@type\":\"PropertyValueSpecification\",\"valueRequired\":true,\"valueName\":\"search_term_string\"}}],\"inLanguage\":\"pt-BR\"},{\"@type\":\"Organization\",\"@id\":\"https:\/\/lsbusinessusa.com\/#organization\",\"name\":\"lsbusinessusa.com\",\"url\":\"https:\/\/lsbusinessusa.com\/\",\"logo\":{\"@type\":\"ImageObject\",\"inLanguage\":\"pt-BR\",\"@id\":\"https:\/\/lsbusinessusa.com\/#\/schema\/logo\/image\/\",\"url\":\"https:\/\/lsbusinessusa.com\/wp-content\/uploads\/2025\/05\/Logo-LS-Atual.webp\",\"contentUrl\":\"https:\/\/lsbusinessusa.com\/wp-content\/uploads\/2025\/05\/Logo-LS-Atual.webp\",\"width\":1080,\"height\":1080,\"caption\":\"lsbusinessusa.com\"},\"image\":{\"@id\":\"https:\/\/lsbusinessusa.com\/#\/schema\/logo\/image\/\"}}]}<\/script>\n<!-- \/ Yoast SEO plugin. -->","yoast_head_json":{"title":"Testimonials - lsbusinessusa.com","robots":{"index":"index","follow":"follow","max-snippet":"max-snippet:-1","max-image-preview":"max-image-preview:large","max-video-preview":"max-video-preview:-1"},"canonical":"https:\/\/lsbusinessusa.com\/pt\/testimonials\/","og_locale":"pt_BR","og_type":"article","og_title":"Testimonials - lsbusinessusa.com","og_description":"Our clients\u2019 trust is our greatest asset. Here you\u2019ll find real stories from Brazilian entrepreneurs who found clarity, structure, and results with LS Business Management. Their satisfaction is proof we\u2019re on the right path. \u2605\u2605\u2605\u2605\u2605 5.0 stars from 15+ reviews Excellent Working with Luciano means knowing that ideas are executed with excellence. His ability to [&hellip;]","og_url":"https:\/\/lsbusinessusa.com\/pt\/testimonials\/","og_site_name":"lsbusinessusa.com","article_modified_time":"2025-05-28T20:03:00+00:00","og_image":[{"url":"https:\/\/images.unsplash.com\/photo-1479936343636-73cdc5aae0c3?w=120&amp;fit=crop&amp;w=120&amp;h=120&amp;crop=faces","type":"","width":"","height":""}],"twitter_card":"summary_large_image","twitter_misc":{"Est. tempo de leitura":"3 minutos"},"schema":{"@context":"https:\/\/schema.org","@graph":[{"@type":"WebPage","@id":"https:\/\/lsbusinessusa.com\/testimonials\/","url":"https:\/\/lsbusinessusa.com\/testimonials\/","name":"Testimonials - lsbusinessusa.com","isPartOf":{"@id":"https:\/\/lsbusinessusa.com\/#website"},"primaryImageOfPage":{"@id":"https:\/\/lsbusinessusa.com\/testimonials\/#primaryimage"},"image":{"@id":"https:\/\/lsbusinessusa.com\/testimonials\/#primaryimage"},"thumbnailUrl":"https:\/\/images.unsplash.com\/photo-1479936343636-73cdc5aae0c3?w=120&amp;fit=crop&amp;w=120&amp;h=120&amp;crop=faces","datePublished":"2025-05-20T19:40:37+00:00","dateModified":"2025-05-28T20:03:00+00:00","breadcrumb":{"@id":"https:\/\/lsbusinessusa.com\/testimonials\/#breadcrumb"},"inLanguage":"pt-BR","potentialAction":[{"@type":"ReadAction","target":["https:\/\/lsbusinessusa.com\/testimonials\/"]}]},{"@type":"ImageObject","inLanguage":"pt-BR","@id":"https:\/\/lsbusinessusa.com\/testimonials\/#primaryimage","url":"https:\/\/images.unsplash.com\/photo-1479936343636-73cdc5aae0c3?w=120&amp;fit=crop&amp;w=120&amp;h=120&amp;crop=faces","contentUrl":"https:\/\/images.unsplash.com\/photo-1479936343636-73cdc5aae0c3?w=120&amp;fit=crop&amp;w=120&amp;h=120&amp;crop=faces"},{"@type":"BreadcrumbList","@id":"https:\/\/lsbusinessusa.com\/testimonials\/#breadcrumb","itemListElement":[{"@type":"ListItem","position":1,"name":"Home","item":"https:\/\/lsbusinessusa.com\/"},{"@type":"ListItem","position":2,"name":"Testimonials"}]},{"@type":"WebSite","@id":"https:\/\/lsbusinessusa.com\/#website","url":"https:\/\/lsbusinessusa.com\/","name":"lsbusinessusa.com","description":"","publisher":{"@id":"https:\/\/lsbusinessusa.com\/#organization"},"potentialAction":[{"@type":"SearchAction","target":{"@type":"EntryPoint","urlTemplate":"https:\/\/lsbusinessusa.com\/?s={search_term_string}"},"query-input":{"@type":"PropertyValueSpecification","valueRequired":true,"valueName":"search_term_string"}}],"inLanguage":"pt-BR"},{"@type":"Organization","@id":"https:\/\/lsbusinessusa.com\/#organization","name":"lsbusinessusa.com","url":"https:\/\/lsbusinessusa.com\/","logo":{"@type":"ImageObject","inLanguage":"pt-BR","@id":"https:\/\/lsbusinessusa.com\/#\/schema\/logo\/image\/","url":"https:\/\/lsbusinessusa.com\/wp-content\/uploads\/2025\/05\/Logo-LS-Atual.webp","contentUrl":"https:\/\/lsbusinessusa.com\/wp-content\/uploads\/2025\/05\/Logo-LS-Atual.webp","width":1080,"height":1080,"caption":"lsbusinessusa.com"},"image":{"@id":"https:\/\/lsbusinessusa.com\/#\/schema\/logo\/image\/"}}]}},"_links":{"self":[{"href":"https:\/\/lsbusinessusa.com\/pt\/wp-json\/wp\/v2\/pages\/11","targetHints":{"allow":["GET"]}}],"collection":[{"href":"https:\/\/lsbusinessusa.com\/pt\/wp-json\/wp\/v2\/pages"}],"about":[{"href":"https:\/\/lsbusinessusa.com\/pt\/wp-json\/wp\/v2\/types\/page"}],"author":[{"embeddable":true,"href":"https:\/\/lsbusinessusa.com\/pt\/wp-json\/wp\/v2\/users\/1"}],"replies":[{"embeddable":true,"href":"https:\/\/lsbusinessusa.com\/pt\/wp-json\/wp\/v2\/comments?post=11"}],"version-history":[{"count":4,"href":"https:\/\/lsbusinessusa.com\/pt\/wp-json\/wp\/v2\/pages\/11\/revisions"}],"predecessor-version":[{"id":156,"href":"https:\/\/lsbusinessusa.com\/pt\/wp-json\/wp\/v2\/pages\/11\/revisions\/156"}],"wp:attachment":[{"href":"https:\/\/lsbusinessusa.com\/pt\/wp-json\/wp\/v2\/media?parent=11"}],"curies":[{"name":"wp","href":"https:\/\/api.w.org\/{rel}","templated":true}]}}