{"id":2,"date":"2025-05-16T14:33:53","date_gmt":"2025-05-16T14:33:53","guid":{"rendered":"http:\/\/gator4459\/cgi\/addon_GT.cgi?s=GT::WP::Install::Cpanel+%28ilpzycte%29+-+127.0.0.1+%5Bnocaller%5D\/?page_id=2"},"modified":"2025-05-31T15:04:11","modified_gmt":"2025-05-31T15:04:11","slug":"services","status":"publish","type":"page","link":"https:\/\/lsbusinessusa.com\/pt\/services\/","title":{"rendered":"Servi\u00e7os"},"content":{"rendered":"<body>\n<div class=\"nfd-container nfd-p-lg  nfd-wb-call-to-action__cta-6 is-style-nfd-theme-light wp-block-group nfd-bg-effect-grid-3 is-layout-constrained wp-block-group-is-layout-constrained\">\n<div class=\"nfd-gap-xl wp-block-group is-content-justification-space-between is-layout-flex wp-container-core-group-is-layout-9366075c wp-block-group-is-layout-flex\">\n<div class=\"nfd-gap-lg wp-block-group is-vertical is-layout-flex wp-container-core-group-is-layout-fe9cc265 wp-block-group-is-layout-flex\">\n<h2 class=\"nfd-text-huge nfd-text-contrast nfd-text-balance wp-block-heading\">Voc\u00ea que \u00e9 empreendedor e quer crescer com seguran\u00e7a nos EUA, conte com a LS Business<\/h2>\n\n\n\n<p class=\"nfd-text-faded nfd-text-md nfd-text-balance\">Estruture, organize e escale seu neg\u00f3cio com solu\u00e7\u00f5es pr\u00e1ticas, planejamento inteligente e apoio profissional \u2014 tudo em um s\u00f3 lugar.<\/p>\n<\/div>\n\n\n\n<div class=\"md:nfd-items-start nfd-gap-md wp-block-group is-vertical is-content-justification-center is-layout-flex wp-container-core-group-is-layout-ce155fab wp-block-group-is-layout-flex\">\n<div class=\"nfd-text-md wp-block-buttons is-content-justification-left is-layout-flex wp-container-core-buttons-is-layout-fc4fd283 wp-block-buttons-is-layout-flex\">\n<div class=\"nfd-btn-xl  wp-block-button\"><a class=\"wp-block-button__link wp-element-button\" href=\"https:\/\/lsbusinessusa.com\/pt\/contact\/\" target=\"_blank\" rel=\"noreferrer noopener\">Agende uma consultoria gratuita<\/a><\/div>\n<\/div>\n\n\n\n<div class=\"nfd-text-xs nfd-text-faded wp-block-group is-nowrap is-layout-flex wp-container-core-group-is-layout-6c531013 wp-block-group-is-layout-flex\">\n<p class=\"has-text-align-left\" style=\"text-transform:uppercase\"><strong style=\"margin-right: 4px\">\u2713 <\/strong>Atendimento online e presencial com foco em clareza, efici\u00eancia e crescimento sustent\u00e1vel.<\/p>\n\n\n\n<p class=\"has-text-align-left\" style=\"text-transform:uppercase\"><strong style=\"margin-right: 4px\">\u2713 <\/strong>Suporte personalizado com foco em resultados pr\u00e1ticos e atendimento humanizado.<\/p>\n<\/div>\n<\/div>\n<\/div>\n<\/div>\n\n\n\n<div class=\"nfd-container nfd-p-md nfd-wb-pricing-table__pricing-table-2 wp-block-group is-layout-constrained wp-block-group-is-layout-constrained\">\n<div class=\"wp-block-columns are-vertically-aligned-center is-layout-flex wp-container-core-columns-is-layout-28f84493 wp-block-columns-is-layout-flex\">\n<div class=\"wp-block-column is-vertically-aligned-center is-layout-flow wp-block-column-is-layout-flow\">\n<div class=\"nfd-p-xs nfd-rounded nfd-border-inherit is-style-nfd-theme-light wp-block-group is-layout-constrained wp-block-group-is-layout-constrained\">\n<div class=\"nfd-gap-md nfd-p-card-md nfd-rounded-sm wp-block-group nfd-bg-effect-grid-3 is-vertical is-content-justification-stretch is-layout-flex wp-container-core-group-is-layout-353c4f5a wp-block-group-is-layout-flex\" style=\"border-width:1.5px\">\n<div class=\"nfd-gap-xs wp-block-group is-vertical is-content-justification-stretch is-layout-flex wp-container-core-group-is-layout-353c4f5a wp-block-group-is-layout-flex\">\n<h3 class=\"nfd-text-lg nfd-text-current wp-block-heading has-text-align-left\">Estrutura\u00e7\u00e3o de Neg\u00f3cios<\/h3>\n\n\n\n<p class=\"nfd-text-sm nfd-text-faded has-text-align-left\" style=\"text-transform:uppercase\">\u2014 Comece com a base certa para crescer com seguran\u00e7a<\/p>\n<\/div>\n\n\n\n<div class=\"nfd-text-base nfd-text-faded nfd-text-balance wp-block-group is-vertical is-content-justification-stretch is-layout-flex wp-container-core-group-is-layout-353c4f5a wp-block-group-is-layout-flex\">\n<p class=\"\">Ajudamos voc\u00ea a escolher a melhor estrutura (LLC, S Corp, DBA), fazer os registros necess\u00e1rios e organizar toda a documenta\u00e7\u00e3o para atuar legalmente nos EUA.<br><\/p>\n<\/div>\n\n\n\n<div style=\"height:0px\" aria-hidden=\"true\" class=\"wp-block-spacer wp-container-content-9760934e\"><\/div>\n\n\n\n<p class=\"nfd-text-xl nfd-text-primary\">Primeira Consultoria Gratuita<\/p>\n\n\n\n<div class=\"wp-block-buttons is-nowrap is-layout-flex wp-container-core-buttons-is-layout-3e4b7299 wp-block-buttons-is-layout-flex\">\n<div class=\"nfd-btn wp-block-button has-custom-width wp-block-button__width-100\"><a class=\"wp-block-button__link wp-element-button\" href=\"https:\/\/api.whatsapp.com\/send\/?phone=14133298485&amp;text&amp;type=phone_number&amp;app_absent=0\" target=\"_blank\" rel=\"noreferrer noopener\">Agende Agora<\/a><\/div>\n<\/div>\n<\/div>\n<\/div>\n<\/div>\n\n\n\n<div class=\"wp-block-column is-vertically-aligned-center is-layout-flow wp-block-column-is-layout-flow\">\n<div class=\"nfd-p-xs nfd-rounded is-style-nfd-theme-white wp-block-group is-layout-constrained wp-block-group-is-layout-constrained\">\n<div class=\"nfd-gap-md nfd-p-card-md nfd-rounded-sm wp-block-group is-vertical is-content-justification-stretch is-layout-flex wp-container-core-group-is-layout-353c4f5a wp-block-group-is-layout-flex\" style=\"border-width:2px\">\n<div class=\"nfd-gap-xs wp-block-group is-vertical is-content-justification-stretch is-layout-flex wp-container-core-group-is-layout-353c4f5a wp-block-group-is-layout-flex\">\n<h3 class=\"nfd-text-lg nfd-text-current wp-block-heading has-text-align-left\">Planejamento Financeiro Inteligente<\/h3>\n\n\n\n<p class=\"nfd-text-sm nfd-text-faded has-text-align-left\" style=\"text-transform:uppercase\">\u2014 Pague apenas o necess\u00e1rio e mantenha seu controle financeiro<\/p>\n<\/div>\n\n\n\n<div class=\"nfd-text-base nfd-text-faded nfd-text-balance wp-block-group is-vertical is-content-justification-stretch is-layout-flex wp-container-core-group-is-layout-353c4f5a wp-block-group-is-layout-flex\">\n<p class=\"\">Organizamos seu fluxo de caixa, categorizamos receitas e despesas, definimos pro-labore e ajudamos voc\u00ea a reduzir a carga tribut\u00e1ria com seguran\u00e7a.<\/p>\n<\/div>\n\n\n\n<div style=\"height:0px\" aria-hidden=\"true\" class=\"wp-block-spacer wp-container-content-9760934e\"><\/div>\n\n\n\n<p class=\"nfd-text-xl nfd-text-current\">Valor Especial para Novos Clientes<\/p>\n\n\n\n<div class=\"wp-block-buttons is-layout-flex wp-block-buttons-is-layout-flex\">\n<div class=\"nfd-btn wp-block-button has-custom-width wp-block-button__width-100\"><a class=\"wp-block-button__link wp-element-button\" href=\"https:\/\/api.whatsapp.com\/send\/?phone=14133298485&amp;text&amp;type=phone_number&amp;app_absent=0\" target=\"_blank\" rel=\"noreferrer noopener\">Falar com um Especialista<\/a><\/div>\n<\/div>\n<\/div>\n<\/div>\n<\/div>\n<\/div>\n<\/div>\n\n\n\n<div class=\"nfd-container nfd-p-md nfd-wb-pricing-table__pricing-table-2 wp-block-group is-layout-constrained wp-block-group-is-layout-constrained\">\n<div class=\"wp-block-columns are-vertically-aligned-center is-layout-flex wp-container-core-columns-is-layout-28f84493 wp-block-columns-is-layout-flex\">\n<div class=\"wp-block-column is-vertically-aligned-center is-layout-flow wp-block-column-is-layout-flow\">\n<div class=\"nfd-p-xs nfd-rounded nfd-border-inherit is-style-nfd-theme-light wp-block-group is-layout-constrained wp-block-group-is-layout-constrained\">\n<div class=\"nfd-gap-md nfd-p-card-md nfd-rounded-sm wp-block-group nfd-bg-effect-grid-3 is-vertical is-content-justification-stretch is-layout-flex wp-container-core-group-is-layout-353c4f5a wp-block-group-is-layout-flex\" style=\"border-width:1.5px\">\n<div class=\"nfd-gap-xs wp-block-group is-vertical is-content-justification-stretch is-layout-flex wp-container-core-group-is-layout-353c4f5a wp-block-group-is-layout-flex\">\n<h3 class=\"nfd-text-lg nfd-text-current wp-block-heading has-text-align-left\">Implementa\u00e7\u00e3o de Ferramentas de IA<\/h3>\n\n\n\n<p class=\"nfd-text-sm nfd-text-faded has-text-align-left\" style=\"text-transform:uppercase\">\u2014 Automatize processos e ganhe tempo com intelig\u00eancia<\/p>\n<\/div>\n\n\n\n<div class=\"nfd-text-base nfd-text-faded nfd-text-balance wp-block-group is-vertical is-content-justification-stretch is-layout-flex wp-container-core-group-is-layout-353c4f5a wp-block-group-is-layout-flex\">\n<p class=\"\">Implementamos ferramentas de intelig\u00eancia artificial para automatizar tarefas, melhorar o atendimento e acelerar os resultados do seu neg\u00f3cio.<\/p>\n<\/div>\n\n\n\n<div style=\"height:0px\" aria-hidden=\"true\" class=\"wp-block-spacer wp-container-content-9760934e\"><\/div>\n\n\n\n<p class=\"nfd-text-xl nfd-text-primary\">Agende sem Compromisso<\/p>\n\n\n\n<div class=\"wp-block-buttons is-nowrap is-layout-flex wp-container-core-buttons-is-layout-3e4b7299 wp-block-buttons-is-layout-flex\">\n<div class=\"nfd-btn wp-block-button has-custom-width wp-block-button__width-100\"><a class=\"wp-block-button__link wp-element-button\" href=\"https:\/\/api.whatsapp.com\/send\/?phone=14133298485&amp;text&amp;type=phone_number&amp;app_absent=0\" target=\"_blank\" rel=\"noreferrer noopener\">Explorar Solu\u00e7\u00f5es<\/a><\/div>\n<\/div>\n<\/div>\n<\/div>\n<\/div>\n\n\n\n<div class=\"wp-block-column is-vertically-aligned-center is-layout-flow wp-block-column-is-layout-flow\">\n<div class=\"nfd-p-xs nfd-rounded is-style-nfd-theme-white wp-block-group is-layout-constrained wp-block-group-is-layout-constrained\">\n<div class=\"nfd-gap-md nfd-p-card-md nfd-rounded-sm wp-block-group is-vertical is-content-justification-stretch is-layout-flex wp-container-core-group-is-layout-353c4f5a wp-block-group-is-layout-flex\" style=\"border-width:2px\">\n<div class=\"nfd-gap-xs wp-block-group is-vertical is-content-justification-stretch is-layout-flex wp-container-core-group-is-layout-353c4f5a wp-block-group-is-layout-flex\">\n<h3 class=\"nfd-text-lg nfd-text-current wp-block-heading has-text-align-left\">Consultoria Cont\u00e1bil e Fiscal<\/h3>\n\n\n\n<p class=\"nfd-text-sm nfd-text-faded has-text-align-left\" style=\"text-transform:uppercase\">\u2014 Tranquilidade com suporte profissional confi\u00e1vel<\/p>\n<\/div>\n\n\n\n<div class=\"nfd-text-base nfd-text-faded nfd-text-balance wp-block-group is-vertical is-content-justification-stretch is-layout-flex wp-container-core-group-is-layout-353c4f5a wp-block-group-is-layout-flex\">\n<p class=\"\">Apoio na emiss\u00e3o de ITIN, EIN, licen\u00e7as e estrutura tribut\u00e1ria atrav\u00e9s de contadores parceiros com foco em conformidade e efici\u00eancia.<\/p>\n<\/div>\n\n\n\n<div style=\"height:0px\" aria-hidden=\"true\" class=\"wp-block-spacer wp-container-content-9760934e\"><\/div>\n\n\n\n<p class=\"nfd-text-xl nfd-text-current\">Fa\u00e7a sua Avalia\u00e7\u00e3o Inicial<\/p>\n\n\n\n<div class=\"wp-block-buttons is-layout-flex wp-block-buttons-is-layout-flex\">\n<div class=\"nfd-btn wp-block-button has-custom-width wp-block-button__width-100\"><a class=\"wp-block-button__link wp-element-button\" href=\"https:\/\/api.whatsapp.com\/send\/?phone=14133298485&amp;text&amp;type=phone_number&amp;app_absent=0\" target=\"_blank\" rel=\"noreferrer noopener\">Agendar uma Consulta<\/a><\/div>\n<\/div>\n<\/div>\n<\/div>\n<\/div>\n<\/div>\n<\/div>\n\n\n\n<div class=\"nfd-container nfd-p-md nfd-wb-pricing-table__pricing-table-2 wp-block-group is-layout-constrained wp-block-group-is-layout-constrained\">\n<div class=\"wp-block-columns are-vertically-aligned-center is-layout-flex wp-container-core-columns-is-layout-28f84493 wp-block-columns-is-layout-flex\">\n<div class=\"wp-block-column is-vertically-aligned-center is-layout-flow wp-block-column-is-layout-flow\">\n<div class=\"nfd-p-xs nfd-rounded nfd-border-inherit is-style-nfd-theme-light wp-block-group is-layout-constrained wp-block-group-is-layout-constrained\">\n<div class=\"nfd-gap-md nfd-p-card-md nfd-rounded-sm wp-block-group nfd-bg-effect-grid-3 is-vertical is-content-justification-stretch is-layout-flex wp-container-core-group-is-layout-353c4f5a wp-block-group-is-layout-flex\" style=\"border-width:1.5px\">\n<div class=\"nfd-gap-xs wp-block-group is-vertical is-content-justification-stretch is-layout-flex wp-container-core-group-is-layout-353c4f5a wp-block-group-is-layout-flex\">\n<h3 class=\"nfd-text-lg nfd-text-current wp-block-heading has-text-align-left\">Mentoria para Empreendedores<\/h3>\n\n\n\n<p class=\"nfd-text-sm nfd-text-faded has-text-align-left\" style=\"text-transform:uppercase\">\u2014 Orienta\u00e7\u00e3o pr\u00e1tica e estrat\u00e9gica para crescer com seguran\u00e7a<\/p>\n<\/div>\n\n\n\n<div class=\"nfd-text-base nfd-text-faded nfd-text-balance wp-block-group is-vertical is-content-justification-stretch is-layout-flex wp-container-core-group-is-layout-353c4f5a wp-block-group-is-layout-flex\">\n<p class=\"\">Oferecemos mentorias em gest\u00e3o, finan\u00e7as, ferramentas digitais e planejamento para quem deseja clareza, estrutura e resultado nos EUA.<\/p>\n<\/div>\n\n\n\n<div style=\"height:0px\" aria-hidden=\"true\" class=\"wp-block-spacer wp-container-content-9760934e\"><\/div>\n\n\n\n<p class=\"nfd-text-xl nfd-text-primary\">Comece Agora com Apoio Profissional<\/p>\n\n\n\n<div class=\"wp-block-buttons is-nowrap is-layout-flex wp-container-core-buttons-is-layout-3e4b7299 wp-block-buttons-is-layout-flex\">\n<div class=\"nfd-btn wp-block-button has-custom-width wp-block-button__width-100\"><a class=\"wp-block-button__link wp-element-button\" href=\"https:\/\/api.whatsapp.com\/send\/?phone=14133298485&amp;text&amp;type=phone_number&amp;app_absent=0\" target=\"_blank\" rel=\"noreferrer noopener\">Iniciar Mentoria<\/a><\/div>\n<\/div>\n<\/div>\n<\/div>\n<\/div>\n\n\n\n<div class=\"wp-block-column is-vertically-aligned-center is-layout-flow wp-block-column-is-layout-flow\">\n<div class=\"nfd-p-xs nfd-rounded is-style-nfd-theme-white wp-block-group is-layout-constrained wp-block-group-is-layout-constrained\">\n<div class=\"nfd-gap-md nfd-p-card-md nfd-rounded-sm wp-block-group is-vertical is-content-justification-stretch is-layout-flex wp-container-core-group-is-layout-353c4f5a wp-block-group-is-layout-flex\" style=\"border-width:2px\">\n<div class=\"nfd-gap-xs wp-block-group is-vertical is-content-justification-stretch is-layout-flex wp-container-core-group-is-layout-353c4f5a wp-block-group-is-layout-flex\">\n<h3 class=\"nfd-text-lg nfd-text-current wp-block-heading has-text-align-left\">Consultoria Personalizada<\/h3>\n\n\n\n<p class=\"nfd-text-sm nfd-text-faded has-text-align-left\" style=\"text-transform:uppercase\">\u2014 Atendimento adaptado \u00e0 sua realidade, onde quer que esteja<\/p>\n<\/div>\n\n\n\n<div class=\"nfd-text-base nfd-text-faded nfd-text-balance wp-block-group is-vertical is-content-justification-stretch is-layout-flex wp-container-core-group-is-layout-353c4f5a wp-block-group-is-layout-flex\">\n<p class=\"\">Atendimentos presenciais em MA, NY, CT e RI. Consultoria online para todos os EUA e Brasil, sempre com o mesmo cuidado e excel\u00eancia.<\/p>\n<\/div>\n\n\n\n<div style=\"height:0px\" aria-hidden=\"true\" class=\"wp-block-spacer wp-container-content-9760934e\"><\/div>\n\n\n\n<p class=\"nfd-text-xl nfd-text-current\">Solu\u00e7\u00f5es Personalizadas para Voc\u00ea<\/p>\n\n\n\n<div class=\"wp-block-buttons is-layout-flex wp-block-buttons-is-layout-flex\">\n<div class=\"nfd-btn wp-block-button has-custom-width wp-block-button__width-100\"><a class=\"wp-block-button__link wp-element-button\" href=\"https:\/\/api.whatsapp.com\/send\/?phone=14133298485&amp;text&amp;type=phone_number&amp;app_absent=0\" target=\"_blank\" rel=\"noreferrer noopener\">Vamos Conversar<\/a><\/div>\n<\/div>\n<\/div>\n<\/div>\n<\/div>\n<\/div>\n<\/div>\n\n\n\n<div class=\"nfd-container nfd-p-0  nfd-wb-call-to-action__cta-3 is-style-nfd-theme-dark wp-block-group nfd-bg-effect-dots is-layout-constrained wp-block-group-is-layout-constrained\">\n<div class=\"nfd-border-primary nfd-relative -nfd-top-1 nfd-p-card-square-lg nfd-gap-lg wp-block-group is-content-justification-space-between is-layout-flex wp-container-core-group-is-layout-9366075c wp-block-group-is-layout-flex\" style=\"border-top-width:8px\">\n<div class=\"nfd-gap-lg wp-block-group is-vertical is-layout-flex wp-container-core-group-is-layout-fe9cc265 wp-block-group-is-layout-flex\">\n<h2 class=\"nfd-text-huge nfd-text-contrast nfd-text-balance wp-block-heading\">Nossos servi\u00e7os de consultoria foram criados para quem quer crescer com seguran\u00e7a e intelig\u00eancia.<\/h2>\n\n\n\n<p class=\"nfd-text-faded nfd-text-md nfd-text-balance\">Cada detalhe \u00e9 planejado para voc\u00ea empreender com mais organiza\u00e7\u00e3o, clareza e resultados.<br>Foque no que voc\u00ea faz de melhor. Do resto, a gente cuida com voc\u00ea.<\/p>\n<\/div>\n\n\n\n<div class=\"md:nfd-items-start nfd-gap-md wp-block-group is-vertical is-content-justification-center is-layout-flex wp-container-core-group-is-layout-ce155fab wp-block-group-is-layout-flex\">\n<div class=\"nfd-text-md wp-block-buttons is-content-justification-left is-layout-flex wp-container-core-buttons-is-layout-fc4fd283 wp-block-buttons-is-layout-flex\">\n<div class=\"nfd-btn-xl  wp-block-button\"><a class=\"wp-block-button__link wp-element-button\" href=\"https:\/\/lsbusinessusa.com\/pt\/contact\/\" target=\"_blank\" rel=\"noreferrer noopener\">Descubra como podemos transformar seus desafios em oportunidades reais para o seu neg\u00f3cio. Agende uma conversa agora.<\/a><\/div>\n<\/div>\n\n\n\n<p class=\"nfd-text-xs nfd-text-faded has-text-align-left\" style=\"text-transform:uppercase\">\ud83d\udd12 Atendimento seguro, \u00e9tico e focado em gerar resultados reais para o seu neg\u00f3cio.<\/p>\n<\/div>\n<\/div>\n<\/div>\n<\/body>","protected":false},"excerpt":{"rendered":"<p>If you\u2019re an entrepreneur ready to grow your business in the U.S., count on LS Business Structure, organize, and scale your business with practical solutions, smart planning, and expert guidance \u2014 all in one place. \u2713 Online and in-person consulting focused on clarity, efficiency, and sustainable growth. \u2713 Personalized support focused on practical results and [&hellip;]<\/p>","protected":false},"author":1,"featured_media":0,"parent":0,"menu_order":0,"comment_status":"closed","ping_status":"open","template":"","meta":{"nf_dc_page":"","om_disable_all_campaigns":false,"footnotes":""},"class_list":["post-2","page","type-page","status-publish","hentry"],"yoast_head":"<!-- This site is optimized with the Yoast SEO plugin v27.2 - https:\/\/yoast.com\/product\/yoast-seo-wordpress\/ -->\n<title>Services - lsbusinessusa.com<\/title>\n<meta name=\"robots\" content=\"index, follow, max-snippet:-1, max-image-preview:large, max-video-preview:-1\" \/>\n<link rel=\"canonical\" href=\"https:\/\/lsbusinessusa.com\/pt\/services\/\" \/>\n<meta property=\"og:locale\" content=\"pt_BR\" \/>\n<meta property=\"og:type\" content=\"article\" \/>\n<meta property=\"og:title\" content=\"Services - lsbusinessusa.com\" \/>\n<meta property=\"og:description\" content=\"If you\u2019re an entrepreneur ready to grow your business in the U.S., count on LS Business Structure, organize, and scale your business with practical solutions, smart planning, and expert guidance \u2014 all in one place. \u2713 Online and in-person consulting focused on clarity, efficiency, and sustainable growth. \u2713 Personalized support focused on practical results and [&hellip;]\" \/>\n<meta property=\"og:url\" content=\"https:\/\/lsbusinessusa.com\/pt\/services\/\" \/>\n<meta property=\"og:site_name\" content=\"lsbusinessusa.com\" \/>\n<meta property=\"article:modified_time\" content=\"2025-05-31T15:04:11+00:00\" \/>\n<meta name=\"twitter:card\" content=\"summary_large_image\" \/>\n<meta name=\"twitter:label1\" content=\"Est. tempo de leitura\" \/>\n\t<meta name=\"twitter:data1\" content=\"2 minutos\" \/>\n<script type=\"application\/ld+json\" class=\"yoast-schema-graph\">{\"@context\":\"https:\/\/schema.org\",\"@graph\":[{\"@type\":\"WebPage\",\"@id\":\"https:\/\/lsbusinessusa.com\/services\/\",\"url\":\"https:\/\/lsbusinessusa.com\/services\/\",\"name\":\"Services - lsbusinessusa.com\",\"isPartOf\":{\"@id\":\"https:\/\/lsbusinessusa.com\/#website\"},\"datePublished\":\"2025-05-16T14:33:53+00:00\",\"dateModified\":\"2025-05-31T15:04:11+00:00\",\"breadcrumb\":{\"@id\":\"https:\/\/lsbusinessusa.com\/services\/#breadcrumb\"},\"inLanguage\":\"pt-BR\",\"potentialAction\":[{\"@type\":\"ReadAction\",\"target\":[\"https:\/\/lsbusinessusa.com\/services\/\"]}]},{\"@type\":\"BreadcrumbList\",\"@id\":\"https:\/\/lsbusinessusa.com\/services\/#breadcrumb\",\"itemListElement\":[{\"@type\":\"ListItem\",\"position\":1,\"name\":\"Home\",\"item\":\"https:\/\/lsbusinessusa.com\/\"},{\"@type\":\"ListItem\",\"position\":2,\"name\":\"Services\"}]},{\"@type\":\"WebSite\",\"@id\":\"https:\/\/lsbusinessusa.com\/#website\",\"url\":\"https:\/\/lsbusinessusa.com\/\",\"name\":\"lsbusinessusa.com\",\"description\":\"\",\"publisher\":{\"@id\":\"https:\/\/lsbusinessusa.com\/#organization\"},\"potentialAction\":[{\"@type\":\"SearchAction\",\"target\":{\"@type\":\"EntryPoint\",\"urlTemplate\":\"https:\/\/lsbusinessusa.com\/?s={search_term_string}\"},\"query-input\":{\"@type\":\"PropertyValueSpecification\",\"valueRequired\":true,\"valueName\":\"search_term_string\"}}],\"inLanguage\":\"pt-BR\"},{\"@type\":\"Organization\",\"@id\":\"https:\/\/lsbusinessusa.com\/#organization\",\"name\":\"lsbusinessusa.com\",\"url\":\"https:\/\/lsbusinessusa.com\/\",\"logo\":{\"@type\":\"ImageObject\",\"inLanguage\":\"pt-BR\",\"@id\":\"https:\/\/lsbusinessusa.com\/#\/schema\/logo\/image\/\",\"url\":\"https:\/\/lsbusinessusa.com\/wp-content\/uploads\/2025\/05\/Logo-LS-Atual.webp\",\"contentUrl\":\"https:\/\/lsbusinessusa.com\/wp-content\/uploads\/2025\/05\/Logo-LS-Atual.webp\",\"width\":1080,\"height\":1080,\"caption\":\"lsbusinessusa.com\"},\"image\":{\"@id\":\"https:\/\/lsbusinessusa.com\/#\/schema\/logo\/image\/\"}}]}<\/script>\n<!-- \/ Yoast SEO plugin. -->","yoast_head_json":{"title":"Services - lsbusinessusa.com","robots":{"index":"index","follow":"follow","max-snippet":"max-snippet:-1","max-image-preview":"max-image-preview:large","max-video-preview":"max-video-preview:-1"},"canonical":"https:\/\/lsbusinessusa.com\/pt\/services\/","og_locale":"pt_BR","og_type":"article","og_title":"Services - lsbusinessusa.com","og_description":"If you\u2019re an entrepreneur ready to grow your business in the U.S., count on LS Business Structure, organize, and scale your business with practical solutions, smart planning, and expert guidance \u2014 all in one place. \u2713 Online and in-person consulting focused on clarity, efficiency, and sustainable growth. \u2713 Personalized support focused on practical results and [&hellip;]","og_url":"https:\/\/lsbusinessusa.com\/pt\/services\/","og_site_name":"lsbusinessusa.com","article_modified_time":"2025-05-31T15:04:11+00:00","twitter_card":"summary_large_image","twitter_misc":{"Est. tempo de leitura":"2 minutos"},"schema":{"@context":"https:\/\/schema.org","@graph":[{"@type":"WebPage","@id":"https:\/\/lsbusinessusa.com\/services\/","url":"https:\/\/lsbusinessusa.com\/services\/","name":"Services - lsbusinessusa.com","isPartOf":{"@id":"https:\/\/lsbusinessusa.com\/#website"},"datePublished":"2025-05-16T14:33:53+00:00","dateModified":"2025-05-31T15:04:11+00:00","breadcrumb":{"@id":"https:\/\/lsbusinessusa.com\/services\/#breadcrumb"},"inLanguage":"pt-BR","potentialAction":[{"@type":"ReadAction","target":["https:\/\/lsbusinessusa.com\/services\/"]}]},{"@type":"BreadcrumbList","@id":"https:\/\/lsbusinessusa.com\/services\/#breadcrumb","itemListElement":[{"@type":"ListItem","position":1,"name":"Home","item":"https:\/\/lsbusinessusa.com\/"},{"@type":"ListItem","position":2,"name":"Services"}]},{"@type":"WebSite","@id":"https:\/\/lsbusinessusa.com\/#website","url":"https:\/\/lsbusinessusa.com\/","name":"lsbusinessusa.com","description":"","publisher":{"@id":"https:\/\/lsbusinessusa.com\/#organization"},"potentialAction":[{"@type":"SearchAction","target":{"@type":"EntryPoint","urlTemplate":"https:\/\/lsbusinessusa.com\/?s={search_term_string}"},"query-input":{"@type":"PropertyValueSpecification","valueRequired":true,"valueName":"search_term_string"}}],"inLanguage":"pt-BR"},{"@type":"Organization","@id":"https:\/\/lsbusinessusa.com\/#organization","name":"lsbusinessusa.com","url":"https:\/\/lsbusinessusa.com\/","logo":{"@type":"ImageObject","inLanguage":"pt-BR","@id":"https:\/\/lsbusinessusa.com\/#\/schema\/logo\/image\/","url":"https:\/\/lsbusinessusa.com\/wp-content\/uploads\/2025\/05\/Logo-LS-Atual.webp","contentUrl":"https:\/\/lsbusinessusa.com\/wp-content\/uploads\/2025\/05\/Logo-LS-Atual.webp","width":1080,"height":1080,"caption":"lsbusinessusa.com"},"image":{"@id":"https:\/\/lsbusinessusa.com\/#\/schema\/logo\/image\/"}}]}},"_links":{"self":[{"href":"https:\/\/lsbusinessusa.com\/pt\/wp-json\/wp\/v2\/pages\/2","targetHints":{"allow":["GET"]}}],"collection":[{"href":"https:\/\/lsbusinessusa.com\/pt\/wp-json\/wp\/v2\/pages"}],"about":[{"href":"https:\/\/lsbusinessusa.com\/pt\/wp-json\/wp\/v2\/types\/page"}],"author":[{"embeddable":true,"href":"https:\/\/lsbusinessusa.com\/pt\/wp-json\/wp\/v2\/users\/1"}],"replies":[{"embeddable":true,"href":"https:\/\/lsbusinessusa.com\/pt\/wp-json\/wp\/v2\/comments?post=2"}],"version-history":[{"count":5,"href":"https:\/\/lsbusinessusa.com\/pt\/wp-json\/wp\/v2\/pages\/2\/revisions"}],"predecessor-version":[{"id":175,"href":"https:\/\/lsbusinessusa.com\/pt\/wp-json\/wp\/v2\/pages\/2\/revisions\/175"}],"wp:attachment":[{"href":"https:\/\/lsbusinessusa.com\/pt\/wp-json\/wp\/v2\/media?parent=2"}],"curies":[{"name":"wp","href":"https:\/\/api.w.org\/{rel}","templated":true}]}}